{"id":566,"date":"2025-06-15T11:21:06","date_gmt":"2025-06-15T11:21:06","guid":{"rendered":"https:\/\/alexlledo.com\/?page_id=566"},"modified":"2025-10-05T17:25:48","modified_gmt":"2025-10-05T17:25:48","slug":"home","status":"publish","type":"page","link":"https:\/\/alexlledo.com\/","title":{"rendered":"Home"},"content":{"rendered":"<div class=\"et_pb_section_6 et_pb_section et_section_regular et_block_section\">\n<div class=\"et_pb_row_6 et_pb_row et_pb_gutters3 et_block_row\">\n<div class=\"et_pb_column_12 et_pb_column et_pb_column_4_4 et-last-child et_block_column et_pb_css_mix_blend_mode_passthrough\">\n<div class=\"et_pb_text_8 et_pb_text et_pb_bg_layout_light et_pb_text_align_left et_pb_module\"><div class=\"et_pb_text_inner\"><div id=\"aviso\">\n  \u00a1Hola! A\u00fan estoy trabajando en el desarrollo de la p\u00e1gina web. Espero poder terminarla en unos d\u00edas.\n<\/div>\n<\/div><\/div>\n<\/div>\n<\/div>\n<\/div>\n\n<div class=\"et_pb_section_7 et_pb_section et_section_regular et_block_section\"><\/div>\n\n<div class=\"et_pb_section_8 et_pb_section et_section_regular et_flex_section\">\n<div class=\"et_pb_row_7 et_pb_row et_flex_row\">\n<div class=\"et_pb_column_13 et_pb_column et_flex_column_4_24 et_flex_column_1_5_tablet et_flex_column_6_24_phone et_flex_column et_pb_css_mix_blend_mode_passthrough\">\n<div class=\"et_pb_text_9 et_pb_text et_pb_bg_layout_light et_pb_text_align_left et_pb_module\"><div class=\"et_pb_text_inner\" data-et-multi-view-load-phone-hidden=\"true\"><p>Alex Lled\u00f3<\/p>\n<\/div><\/div>\n<\/div>\n\n<div class=\"et_pb_column_14 et_pb_column et_flex_column_18_24 et_flex_column_2_5_phone et_flex_column et_pb_css_mix_blend_mode_passthrough\">\n<div class=\"et_pb_text_10 et_pb_text et_pb_bg_layout_light et_pb_text_align_left et_pb_module\"><div class=\"et_pb_text_inner\"><p>Desarrollador de Software | Movil<\/p>\n<\/div><\/div>\n<\/div>\n\n<div class=\"et_pb_column_15 et_pb_column et-last-child et_flex_column_8_24 et_flex_column_8_24_phone et_flex_column et_pb_css_mix_blend_mode_passthrough\">\n<div class=\"et_pb_code_2 et_pb_code et_pb_text_align_right et_pb_module\"><div class=\"et_pb_code_inner\"><div id=\"reloj\" style=\"font-size: 24px; font-weight: bold;\"><\/div>\n\n<script>\n  function actualizarHora() {\n    const ahora = new Date();\n    const horas = ahora.getHours().toString().padStart(2, '0');\n    const minutos = ahora.getMinutes().toString().padStart(2, '0');\n    document.getElementById('reloj').innerHTML = `${horas}:${minutos}`;\n  }\n\n  setInterval(actualizarHora, 1000);\n  actualizarHora(); \/\/ inicializa al cargar\n<\/script><\/div><\/div>\n<\/div>\n<\/div>\n<\/div>\n\n<div class=\"et_pb_section_9 et_pb_section et_section_regular et_block_section\">\n<div class=\"et_pb_row_8 et_pb_row et_pb_gutters3 et_block_row\">\n<div class=\"et_pb_column_16 et_pb_column et_pb_column_4_4 et-last-child et_block_column et_pb_css_mix_blend_mode_passthrough\">\n<div class=\"et_pb_text_11 et_pb_text et_pb_bg_layout_light et_pb_text_align_left et_pb_module\"><div class=\"et_pb_text_inner\"><h1 class=\"fondo-dinamico\">\n  <span class=\"visible\">Alex Lled\u00f3<\/span><br \/>\n<\/h1>\n<\/div><\/div>\n<\/div>\n<\/div>\n<\/div>\n\n<div class=\"et_pb_section_10 et_pb_section et_section_regular et_block_section\">\n<div class=\"et_pb_row_9 et_pb_row et_pb_equal_columns et_pb_gutters3 et_block_row\">\n<div class=\"et_pb_column_17 et_pb_column et_pb_column_1_2 et_block_column et_pb_css_mix_blend_mode_passthrough et_clickable glass hover-sobre-mi\">\n<div class=\"et_pb_text_12 et_pb_text et_pb_bg_layout_light et_pb_text_align_left et_clickable et_pb_module\"><div class=\"et_pb_text_inner\"><div id=\"alinear-abajo\">\n<div class=\"texto\">Sobre m\u00ed<\/div>\n<div class=\"icono\">\n    <svg width=\"20\" height=\"20\" viewBox=\"0 0 24 24\" fill=\"none\"\n         stroke=\"currentColor\" stroke-width=\"2\" stroke-linecap=\"round\"\n         stroke-linejoin=\"round\">\n      <path d=\"M7 17L17 7M7 7h10v10\" \/>\n    <\/svg>\n  <\/div>\n<\/div>\n<\/div><\/div>\n<\/div>\n\n<div class=\"et_pb_column_18 et_pb_column et_pb_column_1_2 et-last-child et_block_column et_pb_css_mix_blend_mode_passthrough et_clickable glass hover-proyectos\">\n<div class=\"et_pb_text_13 et_pb_text et_pb_bg_layout_light et_pb_text_align_left et_pb_module\"><div class=\"et_pb_text_inner\"><div id=\"alinear-abajo\">\n<div class=\"texto\">Proyectos<\/div>\n<div class=\"icono\">\n    <svg width=\"20\" height=\"20\" viewBox=\"0 0 24 24\" fill=\"none\"\n         stroke=\"currentColor\" stroke-width=\"2\" stroke-linecap=\"round\"\n         stroke-linejoin=\"round\">\n      <path d=\"M7 17L17 7M7 7h10v10\" \/>\n    <\/svg>\n  <\/div>\n<\/div>\n<\/div><\/div>\n<\/div>\n<\/div>\n\n<div class=\"et_pb_row_10 et_pb_row et_pb_row_4col et_pb_gutters3 et_block_row\">\n<div class=\"et_pb_column_19 et_pb_column et_pb_column_1_4 et_block_column et_pb_css_mix_blend_mode_passthrough et_clickable glass hover-contacto\">\n<div class=\"et_pb_text_14 et_pb_text et_pb_bg_layout_light et_pb_text_align_left et_pb_module\"><div class=\"et_pb_text_inner\"><div id=\"alinear-abajo\">\n<div class=\"texto\">Contacto<\/div>\n<div class=\"icono\">\n    <svg width=\"20\" height=\"20\" viewBox=\"0 0 24 24\" fill=\"none\"\n         stroke=\"currentColor\" stroke-width=\"2\" stroke-linecap=\"round\"\n         stroke-linejoin=\"round\">\n      <path d=\"M7 17L17 7M7 7h10v10\" \/>\n    <\/svg>\n  <\/div>\n<\/div>\n<\/div><\/div>\n<\/div>\n\n<div class=\"et_pb_column_20 et_pb_column et_pb_column_1_4 et_block_column et_pb_column_empty et_pb_css_mix_blend_mode_passthrough et_pb_section_parallax glass hover-holaa\"><span class=\"et-pb-parallax-wrapper\"><span class=\"et-pb-parallax-background et-pb-parallax-background-module--divi-column-20\" style=\"background-image:url(https:\/\/alexlledo.com\/wp-content\/uploads\/2025\/06\/04-Tarde-en-Santiago-y-visita-Monte-Pedroso-DSC_1402-154.jpg)\"><\/span><\/span><\/div>\n\n<div class=\"et_pb_column_21 et_pb_column et_pb_column_1_4 et_block_column et_pb_css_mix_blend_mode_passthrough glass hover-stack\">\n<div class=\"et_pb_code_3 et_pb_code et_pb_module\"><div class=\"et_pb_code_inner\"><div class=\"swiper iconSwiper\">\n  <div class=\"swiper-wrapper\">\n    <div class=\"swiper-slide\"><img decoding=\"async\" src=\"https:\/\/alexlledo.com\/wp-content\/uploads\/2025\/06\/java-2.png\" alt=\"Java\" \/><\/div>\n    <div class=\"swiper-slide\"><img decoding=\"async\" src=\"https:\/\/alexlledo.com\/wp-content\/uploads\/2025\/06\/piton.png\" alt=\"Python\" \/><\/div>\n    <div class=\"swiper-slide\"><img decoding=\"async\" src=\"https:\/\/alexlledo.com\/wp-content\/uploads\/2025\/06\/js.webp\" alt=\"JavaScript\" \/><\/div>\n    <div class=\"swiper-slide\"><img decoding=\"async\" src=\"https:\/\/alexlledo.com\/wp-content\/uploads\/2025\/06\/css-3.png\" alt=\"CSS\" \/><\/div>\n    <div class=\"swiper-slide\"><img decoding=\"async\" src=\"https:\/\/alexlledo.com\/wp-content\/uploads\/2025\/06\/html-5.png\" alt=\"HTML\" \/><\/div>\n    <div class=\"swiper-slide\"><img decoding=\"async\" src=\"https:\/\/alexlledo.com\/wp-content\/uploads\/2025\/06\/react_original_logo_icon_146374.png\" alt=\"React\" \/><\/div>\n    <div class=\"swiper-slide\"><img decoding=\"async\" src=\"https:\/\/alexlledo.com\/wp-content\/uploads\/2025\/06\/spring.png\" alt=\"Spring\" \/><\/div>\n    <div class=\"swiper-slide\"><img decoding=\"async\" src=\"https:\/\/alexlledo.com\/wp-content\/uploads\/2025\/06\/figma_logo_icon_170157.png\" alt=\"Figma\" \/><\/div>\n    <div class=\"swiper-slide\"><img decoding=\"async\" src=\"https:\/\/alexlledo.com\/wp-content\/uploads\/2025\/06\/mysql_original_wordmark_logo_icon_146417.png\" alt=\"MySQL\" \/><\/div>\n    <div class=\"swiper-slide\"><img decoding=\"async\" src=\"https:\/\/alexlledo.com\/wp-content\/uploads\/2025\/06\/wordpress_logo_icon_167953.png\" alt=\"WordPress\" \/><\/div>\n    <div class=\"swiper-slide\"><img decoding=\"async\" src=\"https:\/\/alexlledo.com\/wp-content\/uploads\/2025\/06\/chatgpt_logo_chatgpt_logo_square_green_gpt_ia_openai_icon_264977.png\" alt=\"Chatgpt\" \/><\/div>\n  <\/div>\n<\/div><\/div><\/div>\n<\/div>\n\n<div class=\"et_pb_column_22 et_pb_column et_pb_column_1_4 et-last-child et_block_column et_pb_css_mix_blend_mode_passthrough et_clickable glass hover-curriculum\">\n<div class=\"et_pb_text_15 et_pb_text et_pb_bg_layout_light et_pb_text_align_left et_clickable et_pb_module\"><div class=\"et_pb_text_inner\"><div id=\"alinear-abajo-cv\">\n<div class=\"texto\">Curriculum<\/div>\n<div class=\"icono\">\n    <svg width=\"20\" height=\"20\" viewBox=\"0 0 24 24\" fill=\"none\"\n         stroke=\"currentColor\" stroke-width=\"2\" stroke-linecap=\"round\"\n         stroke-linejoin=\"round\">\n      <path d=\"M7 17L17 7M7 7h10v10\" \/>\n    <\/svg>\n  <\/div>\n<\/div>\n<\/div><\/div>\n<\/div>\n<\/div>\n<\/div>\n\n<div class=\"et_pb_section_11 et_pb_section et_section_regular et_block_section\">\n<div class=\"et_pb_row_11 et_pb_row et_pb_gutters3 et_block_row\">\n<div class=\"et_pb_column_23 et_pb_column et_pb_column_4_4 et-last-child et_block_column et_pb_css_mix_blend_mode_passthrough\">\n<div class=\"et_pb_divider_1 et_pb_divider et_pb_space et_pb_divider_position_top et_pb_module\"><div class=\"et_pb_divider_internal\"><\/div><\/div>\n<\/div>\n<\/div>\n<\/div>","protected":false},"excerpt":{"rendered":"","protected":false},"author":1,"featured_media":0,"parent":0,"menu_order":0,"comment_status":"closed","ping_status":"closed","template":"","meta":{"footnotes":""},"class_list":["post-566","page","type-page","status-publish","hentry"],"_links":{"self":[{"href":"https:\/\/alexlledo.com\/index.php\/wp-json\/wp\/v2\/pages\/566","targetHints":{"allow":["GET"]}}],"collection":[{"href":"https:\/\/alexlledo.com\/index.php\/wp-json\/wp\/v2\/pages"}],"about":[{"href":"https:\/\/alexlledo.com\/index.php\/wp-json\/wp\/v2\/types\/page"}],"author":[{"embeddable":true,"href":"https:\/\/alexlledo.com\/index.php\/wp-json\/wp\/v2\/users\/1"}],"replies":[{"embeddable":true,"href":"https:\/\/alexlledo.com\/index.php\/wp-json\/wp\/v2\/comments?post=566"}],"version-history":[{"count":181,"href":"https:\/\/alexlledo.com\/index.php\/wp-json\/wp\/v2\/pages\/566\/revisions"}],"predecessor-version":[{"id":1029,"href":"https:\/\/alexlledo.com\/index.php\/wp-json\/wp\/v2\/pages\/566\/revisions\/1029"}],"wp:attachment":[{"href":"https:\/\/alexlledo.com\/index.php\/wp-json\/wp\/v2\/media?parent=566"}],"curies":[{"name":"wp","href":"https:\/\/api.w.org\/{rel}","templated":true}]}}